{"id":8,"date":"2014-01-28T20:57:12","date_gmt":"2014-01-28T20:57:12","guid":{"rendered":"http:\/\/vilainstudio.com\/?page_id=8"},"modified":"2016-12-18T18:18:00","modified_gmt":"2016-12-18T18:18:00","slug":"8-2","status":"publish","type":"page","link":"https:\/\/vilainstudio.com\/","title":{"rendered":""},"content":{"rendered":"<h4><\/h4>\n<h4><span style=\"color: #000000;\"><em>\u00a0 Cr\u00e9ation et r\u00e9alisation de musique originale<\/em><\/span><\/h4>\n<p><em><span style=\"color: #616161;\">\u00a0 \u00a0\u2022 Cr\u00e9ation et r\u00e9alisation de musique sur mesure pour vos projets visuels.<\/span><\/em><span style=\"color: #616161;\"><br \/>\n<\/span><\/p>\n<p><em><span style=\"color: #616161;\">\u00a0 \u00a0\u2022 Musiques originales pour \u00e9v\u00e9nements, publicit\u00e9, vid\u00e9os corporatifs et documentaire<\/span><\/em><\/p>\n<h4><span style=\"color: #000000;\"><em>\u00a0 Enregistrement num\u00e9rique et mixage audio<\/em><\/span><\/h4>\n<p><em><span style=\"color: #616161;\">\u00a0 \u00a0\u2022 Studio disponible pour l&#8217;enregistrement de narration<\/span><\/em><\/p>\n<p><em><span style=\"color: #616161;\">\u00a0 \u00a0\u2022 Mixage audio et r\u00e9alisations d&#8217;effets sonores<\/span><\/em><\/p>\n<h4><span style=\"color: #000000;\"><em>\u00a0 Arrangements musicaux et r\u00e9alisation de disque et d\u00e9mo<\/em><\/span><\/h4>\n<p><em><span style=\"color: #616161;\">\u00a0\u00a0\u2022 Arrangements musicaux, enregistrement des instruments, mixage audio<\/span><\/em><\/p>\n<p><em><span style=\"color: #616161;\">\u00a0\u00a0\u2022 Plusieurs instruments de musiques de qualit\u00e9s disponibles sur place pour l&#8217;enregistrement<\/span><\/em><\/p>\n<p>&nbsp;<\/p>\n<p>&nbsp;<\/p>\n","protected":false},"excerpt":{"rendered":"<p>\u00a0 Cr\u00e9ation et r\u00e9alisation de musique originale \u00a0 \u00a0\u2022 Cr\u00e9ation et r\u00e9alisation de musique sur mesure pour vos projets visuels. \u00a0 \u00a0\u2022 Musiques originales pour \u00e9v\u00e9nements, publicit\u00e9, vid\u00e9os corporatifs et documentaire \u00a0 Enregistrement num\u00e9rique et mixage audio \u00a0 \u00a0\u2022 Studio disponible pour l&#8217;enregistrement de narration \u00a0 \u00a0\u2022 Mixage audio et r\u00e9alisations d&#8217;effets sonores \u00a0 Arrangements [&hellip;]<\/p>\n","protected":false},"author":1,"featured_media":0,"parent":10,"menu_order":0,"comment_status":"closed","ping_status":"closed","template":"","meta":{"footnotes":""},"class_list":["post-8","page","type-page","status-publish","hentry"],"_links":{"self":[{"href":"https:\/\/vilainstudio.com\/index.php?rest_route=\/wp\/v2\/pages\/8","targetHints":{"allow":["GET"]}}],"collection":[{"href":"https:\/\/vilainstudio.com\/index.php?rest_route=\/wp\/v2\/pages"}],"about":[{"href":"https:\/\/vilainstudio.com\/index.php?rest_route=\/wp\/v2\/types\/page"}],"author":[{"embeddable":true,"href":"https:\/\/vilainstudio.com\/index.php?rest_route=\/wp\/v2\/users\/1"}],"replies":[{"embeddable":true,"href":"https:\/\/vilainstudio.com\/index.php?rest_route=%2Fwp%2Fv2%2Fcomments&post=8"}],"version-history":[{"count":37,"href":"https:\/\/vilainstudio.com\/index.php?rest_route=\/wp\/v2\/pages\/8\/revisions"}],"predecessor-version":[{"id":730,"href":"https:\/\/vilainstudio.com\/index.php?rest_route=\/wp\/v2\/pages\/8\/revisions\/730"}],"up":[{"embeddable":true,"href":"https:\/\/vilainstudio.com\/index.php?rest_route=\/wp\/v2\/pages\/10"}],"wp:attachment":[{"href":"https:\/\/vilainstudio.com\/index.php?rest_route=%2Fwp%2Fv2%2Fmedia&parent=8"}],"curies":[{"name":"wp","href":"https:\/\/api.w.org\/{rel}","templated":true}]}}