{"id":469,"date":"2016-12-07T16:47:52","date_gmt":"2016-12-07T16:47:52","guid":{"rendered":"http:\/\/vilainstudio.com\/?page_id=469"},"modified":"2016-12-07T16:49:09","modified_gmt":"2016-12-07T16:49:09","slug":"trailer-de-wind","status":"publish","type":"page","link":"https:\/\/vilainstudio.com\/?page_id=469","title":{"rendered":"Trailer de &#8220;Wind&#8221;"},"content":{"rendered":"<p>R\u00e9alis\u00e9 par Jeanne Garneau L\u00e9vesque<\/p>\n<p>Musique et effets sonores : Jean Garneau<\/p>\n<p>&nbsp;<\/p>\n<p><iframe loading=\"lazy\" src=\"https:\/\/player.vimeo.com\/video\/194335952\" width=\"640\" height=\"469\" frameborder=\"0\" allowfullscreen=\"allowfullscreen\"><\/iframe><\/p>\n","protected":false},"excerpt":{"rendered":"<p>R\u00e9alis\u00e9 par Jeanne Garneau L\u00e9vesque Musique et effets sonores : Jean Garneau &nbsp;<\/p>\n","protected":false},"author":1,"featured_media":0,"parent":0,"menu_order":2,"comment_status":"closed","ping_status":"open","template":"","meta":{"footnotes":""},"class_list":["post-469","page","type-page","status-publish","hentry"],"_links":{"self":[{"href":"https:\/\/vilainstudio.com\/index.php?rest_route=\/wp\/v2\/pages\/469","targetHints":{"allow":["GET"]}}],"collection":[{"href":"https:\/\/vilainstudio.com\/index.php?rest_route=\/wp\/v2\/pages"}],"about":[{"href":"https:\/\/vilainstudio.com\/index.php?rest_route=\/wp\/v2\/types\/page"}],"author":[{"embeddable":true,"href":"https:\/\/vilainstudio.com\/index.php?rest_route=\/wp\/v2\/users\/1"}],"replies":[{"embeddable":true,"href":"https:\/\/vilainstudio.com\/index.php?rest_route=%2Fwp%2Fv2%2Fcomments&post=469"}],"version-history":[{"count":2,"href":"https:\/\/vilainstudio.com\/index.php?rest_route=\/wp\/v2\/pages\/469\/revisions"}],"predecessor-version":[{"id":471,"href":"https:\/\/vilainstudio.com\/index.php?rest_route=\/wp\/v2\/pages\/469\/revisions\/471"}],"wp:attachment":[{"href":"https:\/\/vilainstudio.com\/index.php?rest_route=%2Fwp%2Fv2%2Fmedia&parent=469"}],"curies":[{"name":"wp","href":"https:\/\/api.w.org\/{rel}","templated":true}]}}